{"id":1067,"date":"2021-02-05T16:18:46","date_gmt":"2021-02-05T16:18:46","guid":{"rendered":"http:\/\/www.chantalemorin.com\/site\/?page_id=1067"},"modified":"2021-02-05T16:39:54","modified_gmt":"2021-02-05T16:39:54","slug":"2018-2","status":"publish","type":"page","link":"https:\/\/www.chantalemorin.com\/site\/concerts\/2018-2\/","title":{"rendered":"2018"},"content":{"rendered":"<p><strong>29 d\u00e9cembre 2018<\/strong>, 21:00\u00a0<a href=\"https:\/\/biddlesjr.com\">French Quarter<\/a>, Montreal<\/p>\n<p>w. Snooky- Drums and voice, Ben Comeau- Bass, Drey Demosthene-Sax<\/p>\n<p>.<\/p>\n<p><strong>21 d\u00e9cembre 2018<\/strong>, 21:00\u00a0<a href=\"http:\/\/houseofjazz.ca\/?lang=fr\" target=\"_blank\">House of jazz<\/a>, \u00a0Laval<\/p>\n<p>w. Snooky- Drums and voice, Ben Comeau- Bass, Drey Demosthene-Sax<\/p>\n<p>.<\/p>\n<p><strong>21 d\u00e9cembre 2018<\/strong>, 18:00- Bily Kun<\/p>\n<p>Duo avec Ben Comeau<\/p>\n<p>.<\/p>\n<p><strong>16 d\u00e9cembre 2018<\/strong>, 13:00 et 15:00 Parc des Compagnons-de Saint-Laurent, Montr\u00e9al<\/p>\n<p>Choeurs Crocmuzik<\/p>\n<p>.<\/p>\n<p><strong>15 d\u00e9cembre 2018<\/strong>, 9:30 \u00e0 13:30, Universit\u00e9 de Montr\u00e9al<\/p>\n<p>\u00c9cole des jeunes de l&#8217;Universit\u00e9 de Montr\u00e9al<\/p>\n<p>.<\/p>\n<p><strong>14 d\u00e9cembre 2018<\/strong>, 19:00 Chapelle de l&#8217;\u00e9glise St-Jean Baptiste, Montr\u00e9al<\/p>\n<p>Choeur Crocmuzik et Crocjazz<\/p>\n<p>.<\/p>\n<p><strong>13 d\u00e9cembre 2018<\/strong>, 18:00- Bily Kun<\/p>\n<p>Duo avec Alex Bellegarde<\/p>\n<p>.<\/p>\n<p><strong>7 d\u00e9cembre 2018<\/strong>, 21:00-\u00a0<a href=\"http:\/\/houseofjazz.ca\/?lang=fr\" target=\"_blank\">House of jazz<\/a>, \u00a0Laval<\/p>\n<p>w. Snooky- Drums and voice, Ben Comeau- Bass, Drey Demosthene-Sax<\/p>\n<p>.<\/p>\n<p><strong>5 d\u00e9cembre 2018<\/strong>, 19:00-\u00a0<a href=\"http:\/\/houseofjazz.ca\/?lang=fr\" target=\"_blank\">House of jazz<\/a>, \u00a0Montr\u00e9al<\/p>\n<p>w. Snooky- Drums and voice, Ben Comeau- Bass, Drey Demosthene-Sax<\/p>\n<p>.<\/p>\n<p><strong>30 novembre 2018<\/strong>, 20:00- <a href=\"https:\/\/biddlesjr.com\">French Quarter<\/a>, Montreal<\/p>\n<p>avec Sara Latendresse-voice, James Challenger- Bass, Jim Hillman- drums<\/p>\n<p>.<\/p>\n<p><strong>30 novembre 2018<\/strong>, 18:00- Bily Kun<\/p>\n<p>Duo avec Alex Bellegarde<\/p>\n<p>.<\/p>\n<p><strong>28 novembre 2018<\/strong>, 19:00-\u00a0<a href=\"http:\/\/houseofjazz.ca\/?lang=fr\" target=\"_blank\">House of jazz<\/a>, \u00a0Montr\u00e9al<\/p>\n<p>w. Snooky- Drums and voice, Ben Comeau- Bass, Drey Demosthene-Sax<\/p>\n<p>.<\/p>\n<p><strong>24 novembre 2018<\/strong>, 20:00, Salon 58, Marsoui<\/p>\n<p>Benoit Paradis Trio<\/p>\n<p>.<\/p>\n<p><strong>14 novembre 2018<\/strong>, 19:00-\u00a0<a href=\"http:\/\/houseofjazz.ca\/?lang=fr\" target=\"_blank\">House of jazz<\/a>, \u00a0Montr\u00e9al<\/p>\n<p>w. Snooky- Drums and voice, Ben Comeau- Bass, Drey Demosthene-Sax<\/p>\n<p>.<\/p>\n<p><strong>10 novembre 2018<\/strong>, 20:00- <a href=\"https:\/\/biddlesjr.com\">French Quarter<\/a>, Montreal<\/p>\n<p>w Coco Thompson-voice, James Challenger- Bass, Jim Hillman- drums<\/p>\n<p>.<\/p>\n<p><strong>9 novembre 2018<\/strong>, 18:00- Bily Kun<\/p>\n<p>Duo avec Ben Comeau<\/p>\n<p>.<\/p>\n<p><strong>7 novembre 2018<\/strong>, 19:00-\u00a0<a href=\"http:\/\/houseofjazz.ca\/?lang=fr\" target=\"_blank\">House of jazz<\/a>, \u00a0Montr\u00e9al<\/p>\n<p>w. Snooky- Drums and voice, Ben Comeau- Bass, Drey Demosthene-Sax<\/p>\n<p>.<\/p>\n<p><strong>2 novembre 2018<\/strong>, 20:00, Th\u00e9\u00e2tre Ste-Catherine, Montr\u00e9al<\/p>\n<p>Benoit Paradis Trio Lancement d&#8217;album La Quintessence du cool<\/p>\n<p>.<\/p>\n<p><strong>31 octobre 2018<\/strong>, 19:00-\u00a0<a href=\"http:\/\/houseofjazz.ca\/?lang=fr\" target=\"_blank\">House of jazz<\/a>, \u00a0Montr\u00e9al<\/p>\n<p>w. Snooky- Drums and voice, Ben Comeau- Bass, Drey Demosthene-Sax<\/p>\n<p>.<\/p>\n<p><strong>25 octobre 2018<\/strong>, 18:00- Bily Kun<\/p>\n<p>Duo avec Ben Comeau<\/p>\n<p>.<\/p>\n<p><strong>24 octobre 2018<\/strong>, 19:00-\u00a0<a href=\"http:\/\/houseofjazz.ca\/?lang=fr\" target=\"_blank\">House of jazz<\/a>, \u00a0Montr\u00e9al<\/p>\n<p>w. Snooky- Drums and voice, Ben Comeau- Bass, Drey Demosthene-Sax<\/p>\n<p>.<\/p>\n<p><strong>12 octobre 2018<\/strong>, 20:00- <a href=\"https:\/\/biddlesjr.com\">French Quarter<\/a>, Montreal<\/p>\n<p>avec Sara Latendresse-voice, James Challenger- Bass, Jim Hillman- drums<\/p>\n<p>.<\/p>\n<p><strong>10 octobre 2018<\/strong>, 19:00-\u00a0<a href=\"http:\/\/houseofjazz.ca\/?lang=fr\" target=\"_blank\">House of jazz<\/a>, \u00a0Montr\u00e9al<\/p>\n<p>w. Snooky- Drums and voice, Ben Comeau- Bass, Drey Demosthene-Sax<\/p>\n<p>.<\/p>\n<p><strong>6 octobre 2018\u00a0<\/strong>20:00- Site Patrimonial Holy Trinity, Irlande, Qc<\/p>\n<p>Paysages du jour tranquille, Blanche Baillargeon -voix-bass,<\/p>\n<p>Guillaume Bourque-Clar, \u00c9lisabeth Giroux-vlc, Sasha Daoud-Perc<\/p>\n<p>.<\/p>\n<p><strong>5 octobre 2018<\/strong>, 18:00- Bily Kun<\/p>\n<p>Duo avec Alex Bellegarde<\/p>\n<p>.<\/p>\n<p><strong>4 oct t 2018<\/strong>, 19:00-\u00a0<a href=\"http:\/\/houseofjazz.ca\/?lang=fr\" target=\"_blank\">House of jazz<\/a>, \u00a0Laval<\/p>\n<p>w. Snooky- Drums and voice, Ben Comeau- Bass, Drey Demosthene-Sax<\/p>\n<p>.<\/p>\n<p><strong>3 octobre 2018<\/strong>, 19:00-\u00a0<a href=\"http:\/\/houseofjazz.ca\/?lang=fr\" target=\"_blank\">House of jazz<\/a>, \u00a0Montr\u00e9al<\/p>\n<p>w. Snooky- Drums and voice, Ben Comeau- Bass, Drey Demosthene-Sax<\/p>\n<p>.<\/p>\n<p><strong>28 septembre 2018<\/strong>, 20:00- <a href=\"https:\/\/biddlesjr.com\">French Quarter<\/a>, Montreal<\/p>\n<p>avec Sara Latendresse-voice, Samuel Cournoyer- Bass, Jim Hillman- drums<\/p>\n<p>.<\/p>\n<p><strong>27 sept 2018<\/strong>, 19:00-\u00a0<a href=\"http:\/\/houseofjazz.ca\/?lang=fr\" target=\"_blank\">House of jazz<\/a>, \u00a0Laval<\/p>\n<p>w. Snooky- Drums and voice, Ben Comeau- Bass, Drey Demosthene-Sax<\/p>\n<p>.<\/p>\n<p><strong>20 sept 2018<\/strong>, 18:00- Bily Kun<\/p>\n<p>Duo avec Ben Comeau<\/p>\n<p>.<\/p>\n<p><strong>19 sept 2018<\/strong>, 19:00-\u00a0<a href=\"http:\/\/houseofjazz.ca\/?lang=fr\" target=\"_blank\">House of jazz<\/a>, \u00a0Montr\u00e9al<\/p>\n<p>w. Snooky- Drums and voice, Ben Comeau- Bass, Drey Demosthene-Sax<\/p>\n<p>.<\/p>\n<p><strong>12 sept 2018<\/strong>, 17:00-\u00a0CHUM, Montr\u00e9al<\/p>\n<p>Avec Claude Kauffmann-Sax, Ben Coulombe-Contrebasse<\/p>\n<p>.<\/p>\n<p><strong>7 septembre 2018<\/strong>, 20:00- <a href=\"https:\/\/biddlesjr.com\">French Quarter<\/a>, Montreal<\/p>\n<p>w Coco Thompson-voice, James Challenger- Bass, Evelyne Lange- drums<\/p>\n<p>.<\/p>\n<p><strong>5 sept 2018<\/strong>, 19:00-\u00a0<a href=\"http:\/\/houseofjazz.ca\/?lang=fr\" target=\"_blank\">House of jazz<\/a>, \u00a0Montr\u00e9al<\/p>\n<p>w. Snooky- Drums and voice, Ben Comeau- Bass, Drey Demosthene-Sax<\/p>\n<p>.<\/p>\n<p><strong>1er septembre 2018<\/strong>, 20:00- Le Balcon, \u00a0Montr\u00e9al<\/p>\n<p>w. Snooky- voice, Coco Thompson- voice, Ben Comeau- Bass, DJ, Guitar<\/p>\n<p>.<\/p>\n<p><strong>29 ao\u00fbt 2018<\/strong>, 19:00-\u00a0<a href=\"http:\/\/houseofjazz.ca\/?lang=fr\" target=\"_blank\">House of jazz<\/a>, \u00a0Montr\u00e9al<\/p>\n<p>w. Snooky- Drums and voice, Ben Comeau- Bass, Drey Demosthene-Sax<\/p>\n<p>.<\/p>\n<p><strong>24 ao\u00fbt 2018<\/strong>, 19:00- <a href=\"http:\/\/www.cinematheque.qc.ca\/fr\/programmation\/projections\/femmes-femmes-soiree-douverture-du-grand-cycle-estival\">Cin\u00e9math\u00e8que qu\u00e9b\u00e9coise<\/a>,\u00a0Montr\u00e9al<\/p>\n<p>Accompagnement de films muets<\/p>\n<p>.<\/p>\n<p><strong>22 ao\u00fbt 2018<\/strong>, 12:00- Complexe Desjardins\u00a0Montr\u00e9al<\/p>\n<p>Avec Claude Kauffmann-Sax, Ben Coulombe-Contrebasse<\/p>\n<p>.<\/p>\n<p><strong>22 ao\u00fbt 2018<\/strong>, 19:00-\u00a0<a href=\"http:\/\/houseofjazz.ca\/?lang=fr\" target=\"_blank\">House of jazz<\/a>, \u00a0Montr\u00e9al<\/p>\n<p>w. Snooky- Drums and voice, Ben Comeau- Bass, Drey Demosthene-Sax<\/p>\n<p>.<\/p>\n<p><strong>17 ao\u00fbt 2018<\/strong>, 20:00- <a href=\"https:\/\/biddlesjr.com\">French Quarter<\/a>, Montreal<\/p>\n<p>w Coco Thompson-voice, Ben Comeau- Bass, Jim Hillman- drums<\/p>\n<p>.<\/p>\n<p><strong>17 ao\u00fbt 2018<\/strong>, 18:00- Bily Kun<\/p>\n<p>Duo avec Sage Reynolds<\/p>\n<p>.<\/p>\n<p><strong>12 ao\u00fbt 2018<\/strong>, 20:00- House of Jazz\u00a0Montreal<\/p>\n<p>w Coco Thompson-voice, Ben Comeau- Bass, Jim Hillman- drums<\/p>\n<p>.<\/p>\n<p><strong>12 ao\u00fbt 2018<\/strong>, 20:00, Festival Big Bang, Val David<\/p>\n<p>Benoit Paradis Trio<\/p>\n<p>.<\/p>\n<p><strong>3 ao\u00fbt 2018<\/strong>, 18:00- Bily Kun<\/p>\n<p>Duo avec Ben Comeau<\/p>\n<p>.<\/p>\n<p><strong>2 ao\u00fbt 2018<\/strong>, 20:00- <a href=\"https:\/\/biddlesjr.com\">French Quarter<\/a>, Montreal<\/p>\n<p>w Coco Thompson-voice, Lionel Charles-Guitar, Ben Comeau- Bass, Jim Hillman- drums<\/p>\n<p>.<\/p>\n<p><strong>1 ao\u00fbt 2018<\/strong>, 19:00-\u00a0<a href=\"http:\/\/houseofjazz.ca\/?lang=fr\" target=\"_blank\">House of jazz<\/a>, \u00a0Montr\u00e9al<\/p>\n<p>w. Snooky- Drums and voice, Ben Comeau- Bass, Drey Demosthene-Sax<\/p>\n<p>.<\/p>\n<p><strong>27 juillet 2018<\/strong>, 18:00- Bily Kun<\/p>\n<p>Duo avec\u00a0Alex Bellegarde<\/p>\n<p>.<\/p>\n<p><strong>25 juillet 2018<\/strong>, 19:00-\u00a0<a href=\"http:\/\/houseofjazz.ca\/?lang=fr\" target=\"_blank\">House of jazz<\/a>, \u00a0Montr\u00e9al<\/p>\n<p>w. Snooky- Drums and voice, Ben Comeau- Bass, Drey Demosthene-Sax<\/p>\n<p>.<\/p>\n<p><strong>18 juillet 2018<\/strong>, 19:00-\u00a0<a href=\"http:\/\/houseofjazz.ca\/?lang=fr\" target=\"_blank\">House of jazz<\/a>, \u00a0Montr\u00e9al<\/p>\n<p>w. Snooky- Drums and voice, Ben Comeau- Bass, Drey Demosthene-Sax<\/p>\n<p>.<\/p>\n<p><strong>15 juillet 2018<\/strong>, 13:00- Ville \u00c9mard Bagel, \u00a0Montr\u00e9al<\/p>\n<p>w. Snooky- Drums and voice, Ben Comeau- Bass, Drey Demosthene-Sax<\/p>\n<p>.<\/p>\n<p><strong>13 juillet 2018 <\/strong>19:30- Place publique Ste-Doroth\u00e9e, Laval<\/p>\n<p>Paysages du jour tranquille, Blanche Baillargeon -voix-contrebasse,<\/p>\n<p>Guillaume Bourque-Clar, M\u00e9lanie Auclair-vlc, Sasha Daoud-Perc<\/p>\n<p>.<\/p>\n<p><strong>12 juillet 2018<\/strong>, 20:00- <a href=\"https:\/\/biddlesjr.com\">French Quarter<\/a>, Montreal<\/p>\n<p>w Coco Thompson-voice, Ben Comeau- Bass, Jim Hillman- drums<\/p>\n<p>.<\/p>\n<p><strong>7 juillet 2018<\/strong>, 20:00- Le Balcon, \u00a0Montr\u00e9al<\/p>\n<p>w. Snooky- voice, Coco Thompson- voice, Ben Comeau- Bass, Drey Demosthene-Sax<\/p>\n<p>.<\/p>\n<p><strong>5 juillet 2018<\/strong>, 20:00- <a href=\"https:\/\/biddlesjr.com\">French Quarter<\/a>, Montreal<\/p>\n<p>w Coco Thompson-voice, Ben Comeau- Bass, Jim Hillman- drums<\/p>\n<p>.<\/p>\n<p><strong>4 juillet 2018<\/strong>, 19:00-\u00a0<a href=\"http:\/\/houseofjazz.ca\/?lang=fr\" target=\"_blank\">House of jazz<\/a>, \u00a0Montr\u00e9al<\/p>\n<p>w. Snooky- Drums and voice, Ben Comeau- Bass, Drey Demosthene-Sax<\/p>\n<p>.<\/p>\n<p><strong>29 juin 2018<\/strong>, 18:00- Bily Kun<\/p>\n<p>Duo avec\u00a0Alex Bellegarde<\/p>\n<p>.<\/p>\n<p><strong>28 juin 2018<\/strong>, 20:00- <a href=\"https:\/\/biddlesjr.com\">French Quarter<\/a>, Montreal<\/p>\n<p>w Coco Thompson-voice, Ben Comeau- Bass, Jim Hillman- drums<\/p>\n<p>.<\/p>\n<p><strong>27 juin 2018<\/strong>, 19:00- <a href=\"http:\/\/www.cinematheque.qc.ca\/fr\/programmation\/projections\/femmes-femmes-soiree-douverture-du-grand-cycle-estival\">Cin\u00e9math\u00e8que qu\u00e9b\u00e9coise<\/a>,\u00a0Montr\u00e9al<\/p>\n<p>Accompagnement du film muet<em> His Mother&#8217;s Hymn<\/em> de Alice Guy-Blach\u00e9<\/p>\n<p>.<\/p>\n<p><strong>21 juin 2018<\/strong>, 20:00- <a href=\"https:\/\/biddlesjr.com\">French Quarter<\/a>, Montreal<\/p>\n<p>w Coco Thompson-voice, Ben Comeau- Bass, Jim Hillman- drums<\/p>\n<p>.<\/p>\n<p><strong>20 juin 2018<\/strong>, 19:00-\u00a0<a href=\"http:\/\/houseofjazz.ca\/?lang=fr\" target=\"_blank\">House of jazz<\/a>, \u00a0Montr\u00e9al<\/p>\n<p>w. Snooky- Drums and voice, Ben Comeau- Bass, Drey Demosthene-Sax<\/p>\n<p>.<\/p>\n<p><strong>13 juin 2018<\/strong>, 19:00-\u00a0<a href=\"http:\/\/houseofjazz.ca\/?lang=fr\" target=\"_blank\">House of jazz<\/a>, \u00a0Montr\u00e9al<\/p>\n<p>w. Snooky- Drums and voice, Ben Comeau- Bass, Drey Demosthene-Sax<\/p>\n<p>.<\/p>\n<p><strong>10 juin 2018<\/strong>, 18:00, Quai des brumes, Montr\u00e9al<\/p>\n<p>Benoit Paradis Trio d\u00e9plogue<\/p>\n<p>.<\/p>\n<p><strong>9 juin 2018<\/strong>, 15:30 -Conservatoire se musique de Montr\u00e9al, Atelier lyrique<\/p>\n<p>Choeurs Crocmuzik et Crocjazz<\/p>\n<p>.<\/p>\n<p><strong>8 juin 2018<\/strong>, 19:00 -Conservatoire se musique de Montr\u00e9al, Atelier lyrique<\/p>\n<p>Choeurs Crocmuzik et Crocjazz<\/p>\n<p>.<\/p>\n<p><strong>6 juin 2018<\/strong>, 19:00-\u00a0<a href=\"http:\/\/houseofjazz.ca\/?lang=fr\" target=\"_blank\">House of jazz<\/a>, \u00a0Montr\u00e9al<\/p>\n<p>w. Snooky- Drums and voice, Ben Comeau- Bass, Drey Demosthene-Sax<\/p>\n<p>.<\/p>\n<p><strong>2 juin 2018<\/strong>, 20:00- Le Balcon, \u00a0Montr\u00e9al<\/p>\n<p>w. Snooky- Drums and voice, Ben Comeau- Bass, Drey Demosthene-Sax<\/p>\n<p>.<\/p>\n<p><strong>31 mai 2018<\/strong>, 18:00- Bily Kun<\/p>\n<p>Duo avec\u00a0Alex Bellegarde<\/p>\n<p>.<\/p>\n<p><strong>27 mai 2018<\/strong>, 19:00- Sala Rossa<\/p>\n<p>\u00c9cole de chant Sonia Loyer<\/p>\n<p>.<\/p>\n<p><strong>23 mai 2018<\/strong>, 19:00-\u00a0<a href=\"http:\/\/houseofjazz.ca\/?lang=fr\" target=\"_blank\">House of jazz<\/a>, \u00a0Montr\u00e9al<\/p>\n<p>w. Snooky- Drums and voice, Ben Comeau- Bass, Drey Demosthene-Sax<\/p>\n<p>.<\/p>\n<p><strong>19 mai 2018<\/strong>, 9:30 \u00e0 13:30, Universit\u00e9 de Montr\u00e9al<\/p>\n<p>\u00c9cole des jeunes de l&#8217;Universit\u00e9 de Montr\u00e9al<\/p>\n<p>.<\/p>\n<p><strong>9 mai 2018<\/strong>, 19:30-\u00a0<a href=\"http:\/\/houseofjazz.ca\/?lang=fr\" target=\"_blank\">House of jazz<\/a>, \u00a0Montr\u00e9al<\/p>\n<p>w. Snooky- Drums and voice, Ben Comeau- Bass, Drey Demosthene-Sax<\/p>\n<p>.<\/p>\n<p><strong>2 mai 2018<\/strong>, 19:30-\u00a0<a href=\"http:\/\/houseofjazz.ca\/?lang=fr\" target=\"_blank\">House of jazz<\/a>, \u00a0Montr\u00e9al<\/p>\n<p>w. Snooky- Drums and voice, Ben Comeau- Bass, Drey Demosthene-Sax<\/p>\n<p>.<\/p>\n<p><strong>27 avril 2018<\/strong>, 21:00-\u00a0<a href=\"http:\/\/houseofjazz.ca\/?lang=fr\" target=\"_blank\">House of jazz<\/a>, Laval<\/p>\n<p>w. Snooky- Drums and voice, Ben Comeau- Bass, Drey Demosthene-Sax<\/p>\n<p>.<\/p>\n<p><strong>25 avril 2018<\/strong>, 19:30-\u00a0<a href=\"http:\/\/houseofjazz.ca\/?lang=fr\" target=\"_blank\">House of jazz<\/a>, \u00a0Montr\u00e9al<\/p>\n<p>w. Snooky- Drums and voice, Ben Comeau- Bass, Drey Demosthene-Sax<\/p>\n<p>.<\/p>\n<p><strong>20 avril 2018<\/strong>, 18:00- Bily Kun<\/p>\n<p>Duo avec\u00a0Alex Bellegarde<\/p>\n<p>.<\/p>\n<p><strong>18 avril 2018<\/strong>, 19:30-\u00a0<a href=\"http:\/\/houseofjazz.ca\/?lang=fr\" target=\"_blank\">House of jazz<\/a>, \u00a0Montr\u00e9al<\/p>\n<p>w. Snooky- Drums and voice, Ben Comeau- Bass, Drey Demosthene-Sax<\/p>\n<p>.<\/p>\n<p><strong>11 avril 2018<\/strong>, 19:30-\u00a0<a href=\"http:\/\/houseofjazz.ca\/?lang=fr\" target=\"_blank\">House of jazz<\/a>, \u00a0Montr\u00e9al<\/p>\n<p>w. Snooky- Drums and voice, Ben Comeau- Bass, Drey Demosthene-Sax<\/p>\n<p>.<\/p>\n<p><strong>8 avril 2018 <\/strong>14:00- <a href=\"http:\/\/www.lavitrine.com\/activity\/Blanche_Baillargeon___Paysage_du_jour_tranquille\">Quai 5160<\/a>, Maison de la culture de Verdun, Montr\u00e9al<\/p>\n<p>Paysages du jour tranquille, Blanche Baillargeon -voix-contrebasse,<\/p>\n<p>Guillaume Bourque-Clar, M\u00e9lanie Auclair-vlc, Sasha Daoud-Perc<\/p>\n<p>.<\/p>\n<p><strong>4 avril 2018<\/strong>, 19:30-\u00a0<a href=\"http:\/\/houseofjazz.ca\/?lang=fr\" target=\"_blank\">House of jazz<\/a>, \u00a0Montr\u00e9al<\/p>\n<p>w. Snooky- Drums and voice, Ben Comeau- Bass, Drey Demosthene-Sax<\/p>\n<p>.<\/p>\n<p><strong>28 mars 2018<\/strong>, 19:30-\u00a0<a href=\"http:\/\/houseofjazz.ca\/?lang=fr\" target=\"_blank\">House of jazz<\/a>, \u00a0Montr\u00e9al<\/p>\n<p>w. Snooky- Drums and voice, Ben Comeau- Bass, Drey Demosthene-Sax<\/p>\n<p>.<\/p>\n<p><strong>25 mars 2018<\/strong>, 13:00 \u00a0et 15:00 Conservatoire se musique de Montr\u00e9al, Atelier lyrique<\/p>\n<p>Choeurs Crocmuzik et Crocjazz<\/p>\n<p>.<\/p>\n<p><strong>23 mars 2018<\/strong>, 18:00- Bily Kun<\/p>\n<p>Duo avec\u00a0Alex Bellegarde<\/p>\n<p>.<\/p>\n<p><strong>14 mars 2018<\/strong>, 19:30-\u00a0<a href=\"http:\/\/houseofjazz.ca\/?lang=fr\" target=\"_blank\">House of jazz<\/a>, \u00a0Montr\u00e9al<\/p>\n<p>w. Snooky- Drums and voice, Ben Comeau- Bass, Drey Demosthene-Sax<\/p>\n<p>.<\/p>\n<p><strong>7 mars 2018<\/strong>, 19:30-\u00a0<a href=\"http:\/\/houseofjazz.ca\/?lang=fr\" target=\"_blank\">House of jazz<\/a>, \u00a0Montr\u00e9al<\/p>\n<p>w. Snooky- Drums and voice, Ben Comeau- Bass, Drey Demosthene-Sax.<\/p>\n<p>.<\/p>\n<p><strong>1er mars 2018<\/strong>, 18:00- Bily Kun<\/p>\n<p>Duo avec Alex Bellegarde<\/p>\n<p>.<\/p>\n<p><strong>28 f\u00e9vrier 2018<\/strong>, 19:30-\u00a0<a href=\"http:\/\/houseofjazz.ca\/?lang=fr\" target=\"_blank\">House of jazz<\/a>, \u00a0Montr\u00e9al<\/p>\n<p>w. Snooky- Drums and voice, Ben Comeau- Bass, Drey Demosthene-Sax<\/p>\n<p>.<\/p>\n<p><strong>21 f\u00e9vrier 2018<\/strong>, 19:30-\u00a0<a href=\"http:\/\/houseofjazz.ca\/?lang=fr\" target=\"_blank\">House of jazz<\/a>, \u00a0Montr\u00e9al<\/p>\n<p>w. Snooky- Drums and voice, Ben Comeau- Bass, Drey Demosthene-Sax<\/p>\n<p>.<\/p>\n<p><strong>17 f\u00e9vrier 2018<\/strong>, 21:00-\u00a0<a href=\"http:\/\/houseofjazz.ca\/?lang=fr\" target=\"_blank\">House of jazz<\/a>, Laval<\/p>\n<p>w. Snooky- Voice, Ben Comeau- Bass, Drey Demosthene-Sax, Greg Ritchie- drums<\/p>\n<p>.<\/p>\n<p><strong>14 f\u00e9vrier 2018<\/strong>, 19:30-\u00a0<a href=\"http:\/\/houseofjazz.ca\/?lang=fr\" target=\"_blank\">House of jazz<\/a>, \u00a0Montr\u00e9al<\/p>\n<p>w. Snooky- Voice, Ben Comeau- Bass, Drey Demosthene-Sax, Greg Ritchie- drums<\/p>\n<p>.<\/p>\n<p><strong>31 janvier 2018<\/strong>, 19:30-\u00a0<a href=\"http:\/\/houseofjazz.ca\/?lang=fr\" target=\"_blank\">House of jazz<\/a>, \u00a0Montr\u00e9al<\/p>\n<p>w. Snooky- Drums and voice, Ben Comeau- Bass, Drey Demosthene-Sax<\/p>\n<p>.<\/p>\n<p><strong>24 janvier 2018<\/strong>, 19:30-\u00a0<a href=\"http:\/\/houseofjazz.ca\/?lang=fr\" target=\"_blank\">House of jazz<\/a>, \u00a0Montr\u00e9al<\/p>\n<p>w. Snooky- Drums and voice, Ben Comeau- Bass, Drey Demosthene-Sax<\/p>\n<p>.<\/p>\n<p><strong>24 janvier 2018<\/strong>, 19:30-\u00a0<a href=\"http:\/\/houseofjazz.ca\/?lang=fr\" target=\"_blank\">House of jazz<\/a>, \u00a0Montr\u00e9al<\/p>\n<p>w. Snooky- Drums and voice, Ben Comeau- Bass, Drey Demosthene-Sax<\/p>\n<p>.<\/p>\n<p><strong>17 janvier 2018<\/strong>, 19:30-\u00a0<a href=\"http:\/\/houseofjazz.ca\/?lang=fr\" target=\"_blank\">House of jazz<\/a>, \u00a0Montr\u00e9al<\/p>\n<p>w. Snooky- Drums and voice, Ben Comeau- Bass, Drey Demosthene-Sax<\/p>\n<p>.<\/p>\n<p><strong>12 janvier 2018<\/strong>, 18:00- Bily Kun<\/p>\n<p>Duo avec Alex Bellegarde, Contrebasse<\/p>\n<p>.<\/p>\n<p><strong>10 janvier 2018<\/strong>, 19:30-\u00a0<a href=\"http:\/\/houseofjazz.ca\/?lang=fr\" target=\"_blank\">House of jazz<\/a>, \u00a0Montr\u00e9al<\/p>\n<p>w. Snooky- Drums and voice, Ben Comeau- Bass, Drey Demosthene-Sax<\/p>\n<p>.<\/p>\n<p><strong>3 janvier 2018<\/strong>, 19:30-\u00a0<a href=\"http:\/\/houseofjazz.ca\/?lang=fr\" target=\"_blank\">House of jazz<\/a>, \u00a0Montr\u00e9al<\/p>\n<p>w. Snooky- Drums and voice, Ben Comeau- Bass, Drey Demosthene-Sax<\/p>\n<p>.<\/p>\n<p><strong>2 janvier 2018<\/strong>, 19:00-\u00a0<a href=\"http:\/\/houseofjazz.ca\/?lang=fr\" target=\"_blank\">House of jazz<\/a>, \u00a0Laval<\/p>\n<p>w. Snooky- Drums and voice, Ben Comeau- Bass, Drey Demosthene-Sax<\/p>\n<p>&nbsp;<\/p>\n<p>&nbsp;<\/p>\n<p>&nbsp;<\/p>\n<p><a title=\"2020\" href=\"https:\/\/www.chantalemorin.com\/site\/concerts\/2020-2\/\">2020<\/a> | <a title=\"2019\" href=\"https:\/\/www.chantalemorin.com\/site\/concerts\/2019-2\/\">2019<\/a> | <a title=\"2018\" href=\"https:\/\/www.chantalemorin.com\/site\/concerts\/2018-2\/\">2018<\/a> | <a title=\"2017\" href=\"https:\/\/www.chantalemorin.com\/site\/concerts\/2017-2\/\">2017<\/a> | <a title=\"2016\" href=\"https:\/\/www.chantalemorin.com\/site\/concerts\/2016-2\/\">2016<\/a> | <a title=\"2015\" href=\"https:\/\/www.chantalemorin.com\/site\/concerts\/2015-2\/\">2015<\/a> | <a title=\"2014\" href=\"https:\/\/www.chantalemorin.com\/site\/concerts\/2014-2\/\">2014<\/a> | <a title=\"2013\" href=\"https:\/\/www.chantalemorin.com\/site\/concerts\/2013-2\/\">2013<\/a> | <a title=\"2012\" href=\"https:\/\/www.chantalemorin.com\/site\/concerts\/2012-2\/\">2012<\/a> | <a title=\"2011\" href=\"https:\/\/www.chantalemorin.com\/site\/concerts\/2011-2\/\">2011<\/a> | <a title=\"2010\" href=\"https:\/\/www.chantalemorin.com\/site\/concerts\/2010-2\/\">2010<\/a> | <a title=\"2009\" href=\"https:\/\/www.chantalemorin.com\/site\/concerts\/2009-2\/\">2009<\/a> | <a title=\"2008\" href=\"https:\/\/www.chantalemorin.com\/site\/concerts\/2008-2\/\">2008<\/a><\/p>\n","protected":false},"excerpt":{"rendered":"<p>29 d\u00e9cembre 2018, 21:00\u00a0French Quarter, Montreal w. Snooky- Drums and voice, Ben Comeau- Bass, Drey Demosthene-Sax . 21 d\u00e9cembre 2018, 21:00\u00a0House of jazz, \u00a0Laval w. Snooky- Drums and voice, Ben Comeau- Bass, Drey Demosthene-Sax . 21 d\u00e9cembre 2018, 18:00- Bily Kun Duo avec Ben Comeau . 16 d\u00e9cembre 2018, 13:00 et 15:00 Parc des Compagnons-de [&hellip;]<\/p>\n","protected":false},"author":1,"featured_media":0,"parent":10,"menu_order":0,"comment_status":"closed","ping_status":"closed","template":"","meta":{"footnotes":""},"class_list":["post-1067","page","type-page","status-publish","hentry"],"_links":{"self":[{"href":"https:\/\/www.chantalemorin.com\/site\/wp-json\/wp\/v2\/pages\/1067","targetHints":{"allow":["GET"]}}],"collection":[{"href":"https:\/\/www.chantalemorin.com\/site\/wp-json\/wp\/v2\/pages"}],"about":[{"href":"https:\/\/www.chantalemorin.com\/site\/wp-json\/wp\/v2\/types\/page"}],"author":[{"embeddable":true,"href":"https:\/\/www.chantalemorin.com\/site\/wp-json\/wp\/v2\/users\/1"}],"replies":[{"embeddable":true,"href":"https:\/\/www.chantalemorin.com\/site\/wp-json\/wp\/v2\/comments?post=1067"}],"version-history":[{"count":4,"href":"https:\/\/www.chantalemorin.com\/site\/wp-json\/wp\/v2\/pages\/1067\/revisions"}],"predecessor-version":[{"id":1116,"href":"https:\/\/www.chantalemorin.com\/site\/wp-json\/wp\/v2\/pages\/1067\/revisions\/1116"}],"up":[{"embeddable":true,"href":"https:\/\/www.chantalemorin.com\/site\/wp-json\/wp\/v2\/pages\/10"}],"wp:attachment":[{"href":"https:\/\/www.chantalemorin.com\/site\/wp-json\/wp\/v2\/media?parent=1067"}],"curies":[{"name":"wp","href":"https:\/\/api.w.org\/{rel}","templated":true}]}}