{"id":1103,"date":"2021-02-05T16:22:36","date_gmt":"2021-02-05T16:22:36","guid":{"rendered":"http:\/\/www.chantalemorin.com\/site\/?page_id=1103"},"modified":"2021-07-01T19:11:08","modified_gmt":"2021-07-01T19:11:08","slug":"2020-2","status":"publish","type":"page","link":"https:\/\/www.chantalemorin.com\/site\/concerts\/2020-2\/","title":{"rendered":"2020"},"content":{"rendered":"<p><strong>13 octobre 2020<\/strong>, 19:30 Salle \u00c9mile Legault<\/p>\n<p>Avec Franck Sylvestre ANNUL\u00c9<\/p>\n<p>.<\/p>\n<p><strong>5 sept 2020<\/strong>, 17:00, Place des festivals, Montr\u00e9al<\/p>\n<p><a href=\"https:\/\/www.benoitparadistrio.com\">Benoit Paradis Trio<\/a><\/p>\n<p>.<\/p>\n<p><strong>30 ao\u00fbt 2020<\/strong>, 19:00\u00a0<a href=\"http:\/\/houseofjazz.ca\/?lang=fr\" target=\"_blank\">House of jazz<\/a>, Laval<\/p>\n<p>w. Snooky- Drums and voice, James Challenger-Bass<\/p>\n<p>.<\/p>\n<p><strong>14 ao\u00fbt 2020<\/strong>, 19:00\u00a0<a href=\"http:\/\/houseofjazz.ca\/?lang=fr\" target=\"_blank\">House of jazz<\/a>, Laval<\/p>\n<p>w. Snooky- Drums and voice, James Challenger-Bass<\/p>\n<p>.<\/p>\n<p><strong>23 juillet 2020<\/strong>, 19:00\u00a0<a href=\"http:\/\/houseofjazz.ca\/?lang=fr\" target=\"_blank\">House of jazz<\/a>, Laval<\/p>\n<p>w. Snooky- Drums and voice, James Challenger-Bass<\/p>\n<p>.<\/p>\n<p><b>18 juillet 2020<\/b>, 18:00, Souper spectacle \u00e0 la Bezotte, Yamachiche<\/p>\n<p><a href=\"https:\/\/www.benoitparadistrio.com\">Benoit Paradis Trio<\/a><\/p>\n<p>.<\/p>\n<p><strong>12 juillet 2020<\/strong>, 19:00\u00a0<a href=\"http:\/\/houseofjazz.ca\/?lang=fr\" target=\"_blank\">House of jazz<\/a>, Laval<\/p>\n<p>w. Snooky- Drums and voice, James Challenger-Bass<\/p>\n<p>.<\/p>\n<p><strong>26 juin 2020<\/strong>, 19:00\u00a0<a href=\"http:\/\/houseofjazz.ca\/?lang=fr\" target=\"_blank\">House of jazz<\/a>, Laval<\/p>\n<p>w. Snooky- Drums and voice, James Challenger-Bass<\/p>\n<p>.<\/p>\n<p><b>16 juin 2020<\/b>, 12:00, Concert live sur Facebook, T&#8217;as-tu toutte<\/p>\n<p><a href=\"https:\/\/www.benoitparadistrio.com\">Benoit Paradis Trio<\/a><\/p>\n<p>.<\/p>\n<p><b>14 mai 2020<\/b>, 12:00, Concert live sur Facebook, T&#8217;as-tu toutte<\/p>\n<p><a href=\"https:\/\/www.benoitparadistrio.com\">Benoit Paradis Trio<\/a><\/p>\n<p>.<\/p>\n<p><b>15 avril 2020<\/b>, 17:00, Concert live sur Facebook<\/p>\n<p><a href=\"https:\/\/www.benoitparadistrio.com\">Benoit Paradis Trio<\/a><\/p>\n<p>.<\/p>\n<p><strong>15 mars 2020<\/strong>, 13:30 Studio la Po\u00eale<\/p>\n<p>Choeurs Crocmuzik et Crocjazz ANNUL\u00c9<\/p>\n<p>.<\/p>\n<p><strong>11 mars 2020<\/strong>, 19:00\u00a0<a href=\"http:\/\/houseofjazz.ca\/?lang=fr\" target=\"_blank\">House of jazz<\/a>, Montr\u00e9al<\/p>\n<p>w. Snooky- Drums and voice, Ben Comeau- Bass, Erik Hoves-Sax<\/p>\n<p>.<\/p>\n<p><b>1er mars 2020<\/b>, 19:00, Grand Th\u00e9\u00e2tre de Qu\u00e9bec<\/p>\n<p><a href=\"https:\/\/www.benoitparadistrio.com\/concerts\" target=\"_blank\">Benoit Paradis Trio<\/a><\/p>\n<p>.<\/p>\n<p><b>28 f\u00e9vrier 2020<\/b>, 21:00, Vieux couvent, St-Prime<\/p>\n<p><a href=\"https:\/\/stprime.tuxedobillet.com\/Vieux%20Couvent\/benoit-paradis-trio\" target=\"_blank\">Benoit Paradis Trio<\/a><\/p>\n<p>.<\/p>\n<p><strong>27 f\u00e9vrier 2020<\/strong>, 19:00\u00a0<a href=\"http:\/\/houseofjazz.ca\/?lang=fr\" target=\"_blank\">House of jazz<\/a>, Laval<\/p>\n<p>w. Snooky- Drums and voice, Ben Comeau- Bass, Erik Hoves-Sax<\/p>\n<p>.<\/p>\n<p><strong>19 f\u00e9vrier 2020<\/strong>, 19:00\u00a0<a href=\"http:\/\/houseofjazz.ca\/?lang=fr\" target=\"_blank\">House of jazz<\/a>, Montr\u00e9al<\/p>\n<p>w. Snooky- Drums and voice, Ben Comeau- Bass, Erik Hoves-Sax<\/p>\n<p>.<\/p>\n<p><strong>12 f\u00e9vrier 2020<\/strong>, 19:00\u00a0<a href=\"http:\/\/houseofjazz.ca\/?lang=fr\" target=\"_blank\">House of jazz<\/a>, Montr\u00e9al<\/p>\n<p>w. Snooky- Drums and voice, Ben Comeau- Bass, Erik Hoves-Sax<\/p>\n<p>.<\/p>\n<p><strong>7 f\u00e9vrier 2020,<\/strong> 18:00, <a href=\"https:\/\/www.orford.mu\/concerts-et-evenements\/blanche-baillargeon-paysages-jazz\/\" target=\"_blank\">Bistro Rondo d&#8217;Orford musique<\/a><\/p>\n<p>Paysages du jour tranquille avec Blanche Baillargeon -voix-bass, Sasha Daoud-Perc<\/p>\n<p>.<\/p>\n<p><strong>6 f\u00e9vrier<\/strong><strong>\u00a02012<\/strong>, 18:00- Bily Kun<\/p>\n<p>Duo avec Alex Bellegarde<\/p>\n<p>.<\/p>\n<p><strong>5 f\u00e9vrier 2020<\/strong>, 19:00\u00a0<a href=\"http:\/\/houseofjazz.ca\/?lang=fr\" target=\"_blank\">House of jazz<\/a>, Montr\u00e9al<\/p>\n<p>w. Snooky- Drums and voice, Ben Comeau- Bass, Erik Hoves-Sax<\/p>\n<p>.<\/p>\n<p><strong>2 f\u00e9vrier 2020<\/strong>, 19:30 Dimanches du conte, <a href=\"http:\/\/www.dimanchesduconte.com\/archives\/33646\" target=\"_blank\">Jockey<\/a><\/p>\n<p>Avec Franck Sylvestre<\/p>\n<p>.<\/p>\n<p><strong>23 janvier 2020<\/strong>, 19:00\u00a0<a href=\"http:\/\/houseofjazz.ca\/?lang=fr\" target=\"_blank\">House of jazz<\/a>, Laval<\/p>\n<p>w. Snooky- Drums and voice, Ben Comeau- Bass, Erik Hoves-Sax<\/p>\n<p>.<\/p>\n<p><strong>22 janvier 2020<\/strong>, 19:00\u00a0<a href=\"http:\/\/houseofjazz.ca\/?lang=fr\" target=\"_blank\">House of jazz<\/a>, Montr\u00e9al<\/p>\n<p>w. Snooky- Drums and voice, Ben Comeau- Bass, Erik Hoves-Sax<\/p>\n<p>.<\/p>\n<p><strong>15 janvier 2020<\/strong>, 19:00\u00a0<a href=\"http:\/\/houseofjazz.ca\/?lang=fr\" target=\"_blank\">House of jazz<\/a>, Montr\u00e9al<\/p>\n<p>w. Snooky- Drums and voice, Ben Comeau- Bass, Erik Hoves-Sax<\/p>\n<p>.<\/p>\n<p><strong>8 janvier 2020<\/strong>, 19:00\u00a0<a href=\"http:\/\/houseofjazz.ca\/?lang=fr\" target=\"_blank\">House of jazz<\/a>, Montr\u00e9al<\/p>\n<p>w. Snooky- Drums and voice, Ben Comeau- Bass, Erik Hoves-Sax<\/p>\n<p>.<\/p>\n<p><strong>3 janvier 2020<\/strong>, 21:00\u00a0<a href=\"http:\/\/houseofjazz.ca\/?lang=fr\" target=\"_blank\">House of jazz<\/a>, Laval<\/p>\n<p>w. Snooky- Drums and voice, Ben Comeau- Bass, Erik Hoves-Sax<\/p>\n<p>&nbsp;<\/p>\n<p>&nbsp;<\/p>\n<p>&nbsp;<\/p>\n<p><a title=\"2020\" href=\"https:\/\/www.chantalemorin.com\/site\/concerts\/2020-2\/\">2020<\/a> | <a title=\"2019\" href=\"https:\/\/www.chantalemorin.com\/site\/concerts\/2019-2\/\">2019<\/a> | <a title=\"2018\" href=\"https:\/\/www.chantalemorin.com\/site\/concerts\/2018-2\/\">2018<\/a> | <a title=\"2017\" href=\"https:\/\/www.chantalemorin.com\/site\/concerts\/2017-2\/\">2017<\/a> | <a title=\"2016\" href=\"https:\/\/www.chantalemorin.com\/site\/concerts\/2016-2\/\">2016<\/a> | <a title=\"2015\" href=\"https:\/\/www.chantalemorin.com\/site\/concerts\/2015-2\/\">2015<\/a> | <a title=\"2014\" href=\"https:\/\/www.chantalemorin.com\/site\/concerts\/2014-2\/\">2014<\/a> | <a title=\"2013\" href=\"https:\/\/www.chantalemorin.com\/site\/concerts\/2013-2\/\">2013<\/a> | <a title=\"2012\" href=\"https:\/\/www.chantalemorin.com\/site\/concerts\/2012-2\/\">2012<\/a> | <a title=\"2011\" href=\"https:\/\/www.chantalemorin.com\/site\/concerts\/2011-2\/\">2011<\/a> | <a title=\"2010\" href=\"https:\/\/www.chantalemorin.com\/site\/concerts\/2010-2\/\">2010<\/a> | <a title=\"2009\" href=\"https:\/\/www.chantalemorin.com\/site\/concerts\/2009-2\/\">2009<\/a> | <a title=\"2008\" href=\"https:\/\/www.chantalemorin.com\/site\/concerts\/2008-2\/\">2008<\/a><\/p>\n","protected":false},"excerpt":{"rendered":"<p>13 octobre 2020, 19:30 Salle \u00c9mile Legault Avec Franck Sylvestre ANNUL\u00c9 . 5 sept 2020, 17:00, Place des festivals, Montr\u00e9al Benoit Paradis Trio . 30 ao\u00fbt 2020, 19:00\u00a0House of jazz, Laval w. Snooky- Drums and voice, James Challenger-Bass . 14 ao\u00fbt 2020, 19:00\u00a0House of jazz, Laval w. Snooky- Drums and voice, James Challenger-Bass . 23 [&hellip;]<\/p>\n","protected":false},"author":1,"featured_media":0,"parent":10,"menu_order":0,"comment_status":"closed","ping_status":"closed","template":"","meta":{"footnotes":""},"class_list":["post-1103","page","type-page","status-publish","hentry"],"_links":{"self":[{"href":"https:\/\/www.chantalemorin.com\/site\/wp-json\/wp\/v2\/pages\/1103","targetHints":{"allow":["GET"]}}],"collection":[{"href":"https:\/\/www.chantalemorin.com\/site\/wp-json\/wp\/v2\/pages"}],"about":[{"href":"https:\/\/www.chantalemorin.com\/site\/wp-json\/wp\/v2\/types\/page"}],"author":[{"embeddable":true,"href":"https:\/\/www.chantalemorin.com\/site\/wp-json\/wp\/v2\/users\/1"}],"replies":[{"embeddable":true,"href":"https:\/\/www.chantalemorin.com\/site\/wp-json\/wp\/v2\/comments?post=1103"}],"version-history":[{"count":5,"href":"https:\/\/www.chantalemorin.com\/site\/wp-json\/wp\/v2\/pages\/1103\/revisions"}],"predecessor-version":[{"id":1193,"href":"https:\/\/www.chantalemorin.com\/site\/wp-json\/wp\/v2\/pages\/1103\/revisions\/1193"}],"up":[{"embeddable":true,"href":"https:\/\/www.chantalemorin.com\/site\/wp-json\/wp\/v2\/pages\/10"}],"wp:attachment":[{"href":"https:\/\/www.chantalemorin.com\/site\/wp-json\/wp\/v2\/media?parent=1103"}],"curies":[{"name":"wp","href":"https:\/\/api.w.org\/{rel}","templated":true}]}}