{"id":1127,"date":"2021-02-05T16:43:05","date_gmt":"2021-02-05T16:43:05","guid":{"rendered":"http:\/\/www.chantalemorin.com\/site\/?page_id=1127"},"modified":"2023-02-06T16:07:23","modified_gmt":"2023-02-06T16:07:23","slug":"projets","status":"publish","type":"page","link":"https:\/\/www.chantalemorin.com\/site\/projets\/","title":{"rendered":"Projets"},"content":{"rendered":"<p>Piano solo<br \/>\n<a href=\"https:\/\/open.spotify.com\/album\/4UsTpkUYJoLnp3N4LMd4Vw?si=PO0j_yn7TVSIr7xX_EjvwA\">Staircase songs<\/a> maintenant en ligne<\/p>\n<p><a href=\"https:\/\/montreal.ca\/articles\/programme-de-soutien-aux-actions-culturelles-2021-les-projets-retenus-10609\">La marche du bonheur\u00a0<\/a>\u00a0<em>Muzimonde<\/em><br \/>\nChantale Morin, pianiste de jazz et de musique de film muet, jouera en direct avec des musiciens invit\u00e9s, accompagn\u00e9s de projections d\u2019images g\u00e9antes et anim\u00e9es sur les fa\u00e7ades et monuments du Plateau-Mont-Royal. En association avec l\u2019artiste visuelle Cath Laporte, MAPP_MTL produira un film-montage \u00e0 partir des images dessin\u00e9es par 40 artistes-citoyens, qui accompagnera les concerts \u00e0 la tomb\u00e9e de la nuit. Une rencontre, une po\u00e9sie, une \u0153uvre vivante cr\u00e9\u00e9e chaque soir \u00e0 partir des contributions des gens de l\u2019arrondissement.<\/p>\n<p><a href=\"http:\/\/www.muzimonde.com\/wp\/\">Muzimonde<\/a> des productions musicales et sc\u00e9niques originales, des cr\u00e9ations : contes musicaux, chansons, musiques de sc\u00e8ne. <strong>une belle \u00e9quipe d\u2019artistes et de p\u00e9dagogues <\/strong>pour entourer les chanteurs.\u00a0Muzimonde est une compagnie fond\u00e9e en 2009, \u00e9tablie sur le Plateau \u00e0 Montr\u00e9al, Qu\u00e9bec.\u00a0Elle est co-dirig\u00e9e par Chantale Morin et Nathaly Pasieczny. Sa mission est la production musicale et sc\u00e9nique jazz, plus sp\u00e9cialement pour enfants et adolescents.<\/p>\n<p><a href=\"https:\/\/www.chantalemorin.com\/site\/wp-content\/uploads\/2021\/03\/CrokMusik_10.jpg\" rel=\"attachment wp-att-1172\"><img loading=\"lazy\" decoding=\"async\" src=\"https:\/\/www.chantalemorin.com\/site\/wp-content\/uploads\/2021\/03\/CrokMusik_10-300x172.jpg\" alt=\"CrokMusik_10\" width=\"300\" height=\"172\" \/><\/a><\/p>\n<p><a href=\"https:\/\/www.benoitparadistrio.com\">Benoit Paradis Trio<\/a><br \/>\nBenoit Paradis &#8211; Voix, trombone, percussions<br \/>\nBenoit Coulombe &#8211; Contrebasse<\/p>\n<p><a href=\"https:\/\/www.chantalemorin.com\/site\/wp-content\/uploads\/2021\/02\/IMG_9073.jpg\" rel=\"attachment wp-att-1162\"><img loading=\"lazy\" decoding=\"async\" src=\"https:\/\/www.chantalemorin.com\/site\/wp-content\/uploads\/2021\/02\/IMG_9073-300x225.jpg\" alt=\"IMG_9073\" width=\"300\" height=\"225\" \/><\/a><\/p>\n<p><a href=\"http:\/\/francksylvestre.com\/site\/musique\">Franck Sylvestre<\/a><br \/>\nGuillaume Soucy- Effets sonores et basse<br \/>\nFranck Sylvestre- Voix<\/p>\n<p><a href=\"https:\/\/www.chantalemorin.com\/site\/wp-content\/uploads\/2021\/02\/Franck-Sylvestre.jpg\" rel=\"attachment wp-att-1165\"><img loading=\"lazy\" decoding=\"async\" src=\"https:\/\/www.chantalemorin.com\/site\/wp-content\/uploads\/2021\/02\/Franck-Sylvestre-300x169.jpg\" alt=\"Franck Sylvestre\" width=\"300\" height=\"169\" \/><\/a><\/p>\n<p><a href=\"https:\/\/www.cinematheque.qc.ca\">Cin\u00e9math\u00e8que qu\u00e9b\u00e9coise<\/a><br \/>\nChantale accompagne les films muets \u00e0 la Cin\u00e9math\u00e8que qu\u00e9b\u00e9coise, elle a d\u00e9velopp\u00e9 une facilit\u00e9 \u00e0 mettre en musique les images. Films de styles vari\u00e9s ; de Alice Guy, Charlie Chaplin, Buster Keaton, Alexandr Dovjenko, etc. Elle r\u00e9ussit avec brio \u00e0 donner \u201cparole\u201d, sensibilit\u00e9 ou humour aux images.<\/p>\n<p><iframe loading=\"lazy\" title=\"Cin\u00e9ma muet en musique | Chantale Morin\" width=\"900\" height=\"506\" src=\"https:\/\/www.youtube.com\/embed\/wTC8cATpxHk?feature=oembed\" frameborder=\"0\" allow=\"accelerometer; autoplay; clipboard-write; encrypted-media; gyroscope; picture-in-picture; web-share\" allowfullscreen><\/iframe><\/p>\n<p><a href=\"http:\/\/www.blanchebaillargeon.com\">Blanche Baillargeon<\/a><br \/>\nGuillaume Bourque-Clarinettes<br \/>\nSacha Daoud- Batterie et percussions<br \/>\nBlanche Baillargeon- Contrebasse et voix<\/p>\n","protected":false},"excerpt":{"rendered":"<p>Piano solo Staircase songs maintenant en ligne La marche du bonheur\u00a0\u00a0Muzimonde Chantale Morin, pianiste de jazz et de musique de film muet, jouera en direct avec des musiciens invit\u00e9s, accompagn\u00e9s de projections d\u2019images g\u00e9antes et anim\u00e9es sur les fa\u00e7ades et monuments du Plateau-Mont-Royal. En association avec l\u2019artiste visuelle Cath Laporte, MAPP_MTL produira un film-montage \u00e0 [&hellip;]<\/p>\n","protected":false},"author":1,"featured_media":0,"parent":0,"menu_order":0,"comment_status":"closed","ping_status":"closed","template":"","meta":{"footnotes":""},"class_list":["post-1127","page","type-page","status-publish","hentry"],"_links":{"self":[{"href":"https:\/\/www.chantalemorin.com\/site\/wp-json\/wp\/v2\/pages\/1127","targetHints":{"allow":["GET"]}}],"collection":[{"href":"https:\/\/www.chantalemorin.com\/site\/wp-json\/wp\/v2\/pages"}],"about":[{"href":"https:\/\/www.chantalemorin.com\/site\/wp-json\/wp\/v2\/types\/page"}],"author":[{"embeddable":true,"href":"https:\/\/www.chantalemorin.com\/site\/wp-json\/wp\/v2\/users\/1"}],"replies":[{"embeddable":true,"href":"https:\/\/www.chantalemorin.com\/site\/wp-json\/wp\/v2\/comments?post=1127"}],"version-history":[{"count":19,"href":"https:\/\/www.chantalemorin.com\/site\/wp-json\/wp\/v2\/pages\/1127\/revisions"}],"predecessor-version":[{"id":1233,"href":"https:\/\/www.chantalemorin.com\/site\/wp-json\/wp\/v2\/pages\/1127\/revisions\/1233"}],"wp:attachment":[{"href":"https:\/\/www.chantalemorin.com\/site\/wp-json\/wp\/v2\/media?parent=1127"}],"curies":[{"name":"wp","href":"https:\/\/api.w.org\/{rel}","templated":true}]}}