{"id":2,"date":"2011-03-09T06:01:12","date_gmt":"2011-03-09T06:01:12","guid":{"rendered":"http:\/\/www.chantalemorin.com\/site\/?page_id=2"},"modified":"2025-10-07T14:57:44","modified_gmt":"2025-10-07T14:57:44","slug":"bio","status":"publish","type":"page","link":"https:\/\/www.chantalemorin.com\/site\/","title":{"rendered":"Bio"},"content":{"rendered":"<p><a href=\"https:\/\/www.chantalemorin.com\/site\/wp-content\/uploads\/2025\/04\/Chantale-HD-3792_avecrond-copie.jpeg\"><img loading=\"lazy\" decoding=\"async\" class=\"alignnone size-medium wp-image-1352\" src=\"https:\/\/www.chantalemorin.com\/site\/wp-content\/uploads\/2025\/04\/Chantale-HD-3792_avecrond-copie-200x300.jpeg\" alt=\"\" width=\"200\" height=\"300\" srcset=\"https:\/\/www.chantalemorin.com\/site\/wp-content\/uploads\/2025\/04\/Chantale-HD-3792_avecrond-copie-200x300.jpeg 200w, https:\/\/www.chantalemorin.com\/site\/wp-content\/uploads\/2025\/04\/Chantale-HD-3792_avecrond-copie-682x1024.jpeg 682w, https:\/\/www.chantalemorin.com\/site\/wp-content\/uploads\/2025\/04\/Chantale-HD-3792_avecrond-copie-768x1154.jpeg 768w, https:\/\/www.chantalemorin.com\/site\/wp-content\/uploads\/2025\/04\/Chantale-HD-3792_avecrond-copie.jpeg 852w\" sizes=\"auto, (max-width: 200px) 100vw, 200px\" \/><\/a><\/p>\n<p style=\"text-align: left;\"><strong>Biographie<\/strong><\/p>\n<p style=\"text-align: left;\"><!-- @page { margin: 2cm } P { margin-bottom: 0.21cm } --><span style=\"font-family: Arial,sans-serif;\">Tr\u00e8s active sur sc\u00e8ne, la pianiste, compositrice et p\u00e9dagogue, Chantale Morin se produit r\u00e9guli\u00e8rement en spectacle au Canada, aux \u00c9tats-Unis et en Europe avec diff\u00e9rentes formations. <\/span><span style=\"font-family: Arial,sans-serif;\">Elle travaille avec Benoit Paradis Trio, \u00a0Blanche Baillargeon, elle est pianiste \u00e0 la cin\u00e9math\u00e8que qu\u00e9b\u00e9coise en plus de composer de la musique \u00e0 l&#8217;image. Elle a r\u00e9cemment \u00e9crit la musique du film <em>Paul<\/em> de Denis C\u00f4t\u00e9.<\/span><\/p>\n<p style=\"text-align: left;\"><span style=\"font-family: Arial,sans-serif;\">Sa discographie comprend neuf albums trois en tant que compositrice. <\/span><span style=\"font-family: Arial,sans-serif;\">Elle a fond\u00e9 avec\u00a0<\/span><span style=\"font-family: Arial,sans-serif;\">Nathaly Pasieczny la compagnie <\/span><span style=\"font-family: Arial,sans-serif;\"><em>Muzimonde (2009)\u00a0<\/em><\/span><span style=\"font-family: Arial,sans-serif;\">qui promouvoit l\u2019apprentissage de la musique chez les enfants (Choeurs\u00a0<\/span><span style=\"font-family: Arial,sans-serif;\"><em>Crocmuzik<\/em> et <em>Crocjazz<\/em><\/span><span style=\"font-family: Arial,sans-serif;\">). <\/span><span style=\"font-family: Arial,sans-serif;\">Elle enseigne le piano jazz-pop au C\u00e9gep Saint-Laurent.<\/span><\/p>\n<p><strong>Biography<\/strong><\/p>\n<p>Chantale Morin is a pianist, composer and music educator. She performed on different occasions across Canada, United States and Europe with different bands of varied styles<em>. She plays with\u00a0<\/em><span style=\"font-family: Arial,sans-serif;\">Benoit Paradis Trio, Snooksta and the gangstas, Blanche Baillargeon, Franck Sylvestre and she accompanies silent movies\u00a0at la cin\u00e9math\u00e8que qu\u00e9b\u00e9coise.<\/span><\/p>\n<p>In 2009, with her long time music teaching colleague Nathaly Pazieczny, she has founded <em>Muzimonde, a <\/em>company that promotes the teachings of music for children.<\/p>\n<p>Her studies has brought Chantale to complete a bachelor in jazz piano at Concordia University<strong>,<\/strong> she now teaches at C\u00e9gep Saint-Laurent.<\/p>\n","protected":false},"excerpt":{"rendered":"<p>Biographie Tr\u00e8s active sur sc\u00e8ne, la pianiste, compositrice et p\u00e9dagogue, Chantale Morin se produit r\u00e9guli\u00e8rement en spectacle au Canada, aux \u00c9tats-Unis et en Europe avec diff\u00e9rentes formations. Elle travaille avec Benoit Paradis Trio, \u00a0Blanche Baillargeon, elle est pianiste \u00e0 la cin\u00e9math\u00e8que qu\u00e9b\u00e9coise en plus de composer de la musique \u00e0 l&#8217;image. Elle a r\u00e9cemment \u00e9crit [&hellip;]<\/p>\n","protected":false},"author":1,"featured_media":0,"parent":0,"menu_order":0,"comment_status":"closed","ping_status":"closed","template":"","meta":{"footnotes":""},"class_list":["post-2","page","type-page","status-publish","hentry"],"_links":{"self":[{"href":"https:\/\/www.chantalemorin.com\/site\/wp-json\/wp\/v2\/pages\/2","targetHints":{"allow":["GET"]}}],"collection":[{"href":"https:\/\/www.chantalemorin.com\/site\/wp-json\/wp\/v2\/pages"}],"about":[{"href":"https:\/\/www.chantalemorin.com\/site\/wp-json\/wp\/v2\/types\/page"}],"author":[{"embeddable":true,"href":"https:\/\/www.chantalemorin.com\/site\/wp-json\/wp\/v2\/users\/1"}],"replies":[{"embeddable":true,"href":"https:\/\/www.chantalemorin.com\/site\/wp-json\/wp\/v2\/comments?post=2"}],"version-history":[{"count":52,"href":"https:\/\/www.chantalemorin.com\/site\/wp-json\/wp\/v2\/pages\/2\/revisions"}],"predecessor-version":[{"id":1369,"href":"https:\/\/www.chantalemorin.com\/site\/wp-json\/wp\/v2\/pages\/2\/revisions\/1369"}],"wp:attachment":[{"href":"https:\/\/www.chantalemorin.com\/site\/wp-json\/wp\/v2\/media?parent=2"}],"curies":[{"name":"wp","href":"https:\/\/api.w.org\/{rel}","templated":true}]}}